{"id":13717,"date":"2024-12-12T11:23:08","date_gmt":"2024-12-12T10:23:08","guid":{"rendered":"https:\/\/www.boden-parkettleger.ch\/?page_id=13717"},"modified":"2025-11-03T17:05:45","modified_gmt":"2025-11-03T16:05:45","slug":"diventare-azienda-formatrice","status":"publish","type":"page","link":"https:\/\/www.boden-parkettleger.ch\/it\/promozione-delle-nuove-leve\/diventare-azienda-formatrice\/","title":{"rendered":"Diventare azienda formatrice"},"content":{"rendered":"","protected":false},"excerpt":{"rendered":"","protected":false},"author":11,"featured_media":14224,"parent":13792,"menu_order":140,"comment_status":"closed","ping_status":"closed","template":"","meta":{"_acf_changed":false,"footnotes":""},"class_list":["post-13717","page","type-page","status-publish","has-post-thumbnail","hentry"],"acf":[],"yoast_head":"<!-- This site is optimized with the Yoast SEO plugin v27.3 - https:\/\/yoast.com\/product\/yoast-seo-wordpress\/ -->\n<title>Diventare azienda formatrice | Posatore di pavimenti-parquet<\/title>\n<meta name=\"description\" content=\"Nessuna azienda \u00e8 troppo piccola per formare apprendisti. Ma come si fa a diventare un&#039;azienda formatrice? Vi illustriamo le fasi e i requisiti pi\u00f9 importanti, affinch\u00e9 anche voi possiate dare una possibilit\u00e0 ai giovani talenti e beneficiare dei vantaggi della formazione.\" \/>\n<meta name=\"robots\" content=\"index, follow, max-snippet:-1, max-image-preview:large, max-video-preview:-1\" \/>\n<link rel=\"canonical\" href=\"https:\/\/www.boden-parkettleger.ch\/it\/promozione-delle-nuove-leve\/diventare-azienda-formatrice\/\" \/>\n<meta property=\"og:locale\" content=\"it_IT\" \/>\n<meta property=\"og:type\" content=\"article\" \/>\n<meta property=\"og:title\" content=\"Diventare azienda formatrice | Posatore di pavimenti-parquet\" \/>\n<meta property=\"og:description\" content=\"Nessuna azienda \u00e8 troppo piccola per formare apprendisti. Ma come si fa a diventare un&#039;azienda formatrice? Vi illustriamo le fasi e i requisiti pi\u00f9 importanti, affinch\u00e9 anche voi possiate dare una possibilit\u00e0 ai giovani talenti e beneficiare dei vantaggi della formazione.\" \/>\n<meta property=\"og:url\" content=\"https:\/\/www.boden-parkettleger.ch\/it\/promozione-delle-nuove-leve\/diventare-azienda-formatrice\/\" \/>\n<meta property=\"og:site_name\" content=\"Boden- und Parkettleger\" \/>\n<meta property=\"article:modified_time\" content=\"2025-11-03T16:05:45+00:00\" \/>\n<meta property=\"og:image\" content=\"https:\/\/www.boden-parkettleger.ch\/wp-content\/uploads\/2025\/10\/lehrbetrieb-werden-boden-parkettleger-2.jpg\" \/>\n\t<meta property=\"og:image:width\" content=\"1536\" \/>\n\t<meta property=\"og:image:height\" content=\"906\" \/>\n\t<meta property=\"og:image:type\" content=\"image\/jpeg\" \/>\n<meta name=\"twitter:card\" content=\"summary_large_image\" \/>\n<script type=\"application\/ld+json\" class=\"yoast-schema-graph\">{\"@context\":\"https:\\\/\\\/schema.org\",\"@graph\":[{\"@type\":\"WebPage\",\"@id\":\"https:\\\/\\\/www.boden-parkettleger.ch\\\/it\\\/promozione-delle-nuove-leve\\\/diventare-azienda-formatrice\\\/\",\"url\":\"https:\\\/\\\/www.boden-parkettleger.ch\\\/it\\\/promozione-delle-nuove-leve\\\/diventare-azienda-formatrice\\\/\",\"name\":\"Diventare azienda formatrice | Posatore di pavimenti-parquet\",\"isPartOf\":{\"@id\":\"https:\\\/\\\/www.boden-parkettleger.ch\\\/it\\\/#website\"},\"primaryImageOfPage\":{\"@id\":\"https:\\\/\\\/www.boden-parkettleger.ch\\\/it\\\/promozione-delle-nuove-leve\\\/diventare-azienda-formatrice\\\/#primaryimage\"},\"image\":{\"@id\":\"https:\\\/\\\/www.boden-parkettleger.ch\\\/it\\\/promozione-delle-nuove-leve\\\/diventare-azienda-formatrice\\\/#primaryimage\"},\"thumbnailUrl\":\"https:\\\/\\\/www.boden-parkettleger.ch\\\/wp-content\\\/uploads\\\/2025\\\/10\\\/lehrbetrieb-werden-boden-parkettleger-2.jpg\",\"datePublished\":\"2024-12-12T10:23:08+00:00\",\"dateModified\":\"2025-11-03T16:05:45+00:00\",\"description\":\"Nessuna azienda \u00e8 troppo piccola per formare apprendisti. Ma come si fa a diventare un'azienda formatrice? Vi illustriamo le fasi e i requisiti pi\u00f9 importanti, affinch\u00e9 anche voi possiate dare una possibilit\u00e0 ai giovani talenti e beneficiare dei vantaggi della formazione.\",\"breadcrumb\":{\"@id\":\"https:\\\/\\\/www.boden-parkettleger.ch\\\/it\\\/promozione-delle-nuove-leve\\\/diventare-azienda-formatrice\\\/#breadcrumb\"},\"inLanguage\":\"it-IT\",\"potentialAction\":[{\"@type\":\"ReadAction\",\"target\":[\"https:\\\/\\\/www.boden-parkettleger.ch\\\/it\\\/promozione-delle-nuove-leve\\\/diventare-azienda-formatrice\\\/\"]}]},{\"@type\":\"ImageObject\",\"inLanguage\":\"it-IT\",\"@id\":\"https:\\\/\\\/www.boden-parkettleger.ch\\\/it\\\/promozione-delle-nuove-leve\\\/diventare-azienda-formatrice\\\/#primaryimage\",\"url\":\"https:\\\/\\\/www.boden-parkettleger.ch\\\/wp-content\\\/uploads\\\/2025\\\/10\\\/lehrbetrieb-werden-boden-parkettleger-2.jpg\",\"contentUrl\":\"https:\\\/\\\/www.boden-parkettleger.ch\\\/wp-content\\\/uploads\\\/2025\\\/10\\\/lehrbetrieb-werden-boden-parkettleger-2.jpg\",\"width\":1536,\"height\":906,\"caption\":\"Diventare azienda formatrice - Bodenleger und Parkettleger | Berufsbildung Boden und Parkett 1\"},{\"@type\":\"BreadcrumbList\",\"@id\":\"https:\\\/\\\/www.boden-parkettleger.ch\\\/it\\\/promozione-delle-nuove-leve\\\/diventare-azienda-formatrice\\\/#breadcrumb\",\"itemListElement\":[{\"@type\":\"ListItem\",\"position\":1,\"name\":\"Home\",\"item\":\"https:\\\/\\\/www.boden-parkettleger.ch\\\/it\\\/\"},{\"@type\":\"ListItem\",\"position\":2,\"name\":\"Promozione delle nuove leve\",\"item\":\"https:\\\/\\\/www.boden-parkettleger.ch\\\/it\\\/promozione-delle-nuove-leve\\\/\"},{\"@type\":\"ListItem\",\"position\":3,\"name\":\"Diventare azienda formatrice\"}]},{\"@type\":\"WebSite\",\"@id\":\"https:\\\/\\\/www.boden-parkettleger.ch\\\/it\\\/#website\",\"url\":\"https:\\\/\\\/www.boden-parkettleger.ch\\\/it\\\/\",\"name\":\"Boden- und Parkettleger\",\"description\":\"\",\"alternateName\":\"Boden- & Parkettleger\",\"potentialAction\":[{\"@type\":\"SearchAction\",\"target\":{\"@type\":\"EntryPoint\",\"urlTemplate\":\"https:\\\/\\\/www.boden-parkettleger.ch\\\/it\\\/?s={search_term_string}\"},\"query-input\":{\"@type\":\"PropertyValueSpecification\",\"valueRequired\":true,\"valueName\":\"search_term_string\"}}],\"inLanguage\":\"it-IT\"}]}<\/script>\n<!-- \/ Yoast SEO plugin. -->","yoast_head_json":{"title":"Diventare azienda formatrice | Posatore di pavimenti-parquet","description":"Nessuna azienda \u00e8 troppo piccola per formare apprendisti. Ma come si fa a diventare un'azienda formatrice? Vi illustriamo le fasi e i requisiti pi\u00f9 importanti, affinch\u00e9 anche voi possiate dare una possibilit\u00e0 ai giovani talenti e beneficiare dei vantaggi della formazione.","robots":{"index":"index","follow":"follow","max-snippet":"max-snippet:-1","max-image-preview":"max-image-preview:large","max-video-preview":"max-video-preview:-1"},"canonical":"https:\/\/www.boden-parkettleger.ch\/it\/promozione-delle-nuove-leve\/diventare-azienda-formatrice\/","og_locale":"it_IT","og_type":"article","og_title":"Diventare azienda formatrice | Posatore di pavimenti-parquet","og_description":"Nessuna azienda \u00e8 troppo piccola per formare apprendisti. Ma come si fa a diventare un'azienda formatrice? Vi illustriamo le fasi e i requisiti pi\u00f9 importanti, affinch\u00e9 anche voi possiate dare una possibilit\u00e0 ai giovani talenti e beneficiare dei vantaggi della formazione.","og_url":"https:\/\/www.boden-parkettleger.ch\/it\/promozione-delle-nuove-leve\/diventare-azienda-formatrice\/","og_site_name":"Boden- und Parkettleger","article_modified_time":"2025-11-03T16:05:45+00:00","og_image":[{"width":1536,"height":906,"url":"https:\/\/www.boden-parkettleger.ch\/wp-content\/uploads\/2025\/10\/lehrbetrieb-werden-boden-parkettleger-2.jpg","type":"image\/jpeg"}],"twitter_card":"summary_large_image","schema":{"@context":"https:\/\/schema.org","@graph":[{"@type":"WebPage","@id":"https:\/\/www.boden-parkettleger.ch\/it\/promozione-delle-nuove-leve\/diventare-azienda-formatrice\/","url":"https:\/\/www.boden-parkettleger.ch\/it\/promozione-delle-nuove-leve\/diventare-azienda-formatrice\/","name":"Diventare azienda formatrice | Posatore di pavimenti-parquet","isPartOf":{"@id":"https:\/\/www.boden-parkettleger.ch\/it\/#website"},"primaryImageOfPage":{"@id":"https:\/\/www.boden-parkettleger.ch\/it\/promozione-delle-nuove-leve\/diventare-azienda-formatrice\/#primaryimage"},"image":{"@id":"https:\/\/www.boden-parkettleger.ch\/it\/promozione-delle-nuove-leve\/diventare-azienda-formatrice\/#primaryimage"},"thumbnailUrl":"https:\/\/www.boden-parkettleger.ch\/wp-content\/uploads\/2025\/10\/lehrbetrieb-werden-boden-parkettleger-2.jpg","datePublished":"2024-12-12T10:23:08+00:00","dateModified":"2025-11-03T16:05:45+00:00","description":"Nessuna azienda \u00e8 troppo piccola per formare apprendisti. Ma come si fa a diventare un'azienda formatrice? Vi illustriamo le fasi e i requisiti pi\u00f9 importanti, affinch\u00e9 anche voi possiate dare una possibilit\u00e0 ai giovani talenti e beneficiare dei vantaggi della formazione.","breadcrumb":{"@id":"https:\/\/www.boden-parkettleger.ch\/it\/promozione-delle-nuove-leve\/diventare-azienda-formatrice\/#breadcrumb"},"inLanguage":"it-IT","potentialAction":[{"@type":"ReadAction","target":["https:\/\/www.boden-parkettleger.ch\/it\/promozione-delle-nuove-leve\/diventare-azienda-formatrice\/"]}]},{"@type":"ImageObject","inLanguage":"it-IT","@id":"https:\/\/www.boden-parkettleger.ch\/it\/promozione-delle-nuove-leve\/diventare-azienda-formatrice\/#primaryimage","url":"https:\/\/www.boden-parkettleger.ch\/wp-content\/uploads\/2025\/10\/lehrbetrieb-werden-boden-parkettleger-2.jpg","contentUrl":"https:\/\/www.boden-parkettleger.ch\/wp-content\/uploads\/2025\/10\/lehrbetrieb-werden-boden-parkettleger-2.jpg","width":1536,"height":906,"caption":"Diventare azienda formatrice - Bodenleger und Parkettleger | Berufsbildung Boden und Parkett 1"},{"@type":"BreadcrumbList","@id":"https:\/\/www.boden-parkettleger.ch\/it\/promozione-delle-nuove-leve\/diventare-azienda-formatrice\/#breadcrumb","itemListElement":[{"@type":"ListItem","position":1,"name":"Home","item":"https:\/\/www.boden-parkettleger.ch\/it\/"},{"@type":"ListItem","position":2,"name":"Promozione delle nuove leve","item":"https:\/\/www.boden-parkettleger.ch\/it\/promozione-delle-nuove-leve\/"},{"@type":"ListItem","position":3,"name":"Diventare azienda formatrice"}]},{"@type":"WebSite","@id":"https:\/\/www.boden-parkettleger.ch\/it\/#website","url":"https:\/\/www.boden-parkettleger.ch\/it\/","name":"Boden- und Parkettleger","description":"","alternateName":"Boden- & Parkettleger","potentialAction":[{"@type":"SearchAction","target":{"@type":"EntryPoint","urlTemplate":"https:\/\/www.boden-parkettleger.ch\/it\/?s={search_term_string}"},"query-input":{"@type":"PropertyValueSpecification","valueRequired":true,"valueName":"search_term_string"}}],"inLanguage":"it-IT"}]}},"_links":{"self":[{"href":"https:\/\/www.boden-parkettleger.ch\/it\/wp-json\/wp\/v2\/pages\/13717","targetHints":{"allow":["GET"]}}],"collection":[{"href":"https:\/\/www.boden-parkettleger.ch\/it\/wp-json\/wp\/v2\/pages"}],"about":[{"href":"https:\/\/www.boden-parkettleger.ch\/it\/wp-json\/wp\/v2\/types\/page"}],"author":[{"embeddable":true,"href":"https:\/\/www.boden-parkettleger.ch\/it\/wp-json\/wp\/v2\/users\/11"}],"replies":[{"embeddable":true,"href":"https:\/\/www.boden-parkettleger.ch\/it\/wp-json\/wp\/v2\/comments?post=13717"}],"version-history":[{"count":3,"href":"https:\/\/www.boden-parkettleger.ch\/it\/wp-json\/wp\/v2\/pages\/13717\/revisions"}],"predecessor-version":[{"id":14689,"href":"https:\/\/www.boden-parkettleger.ch\/it\/wp-json\/wp\/v2\/pages\/13717\/revisions\/14689"}],"up":[{"embeddable":true,"href":"https:\/\/www.boden-parkettleger.ch\/it\/wp-json\/wp\/v2\/pages\/13792"}],"wp:featuredmedia":[{"embeddable":true,"href":"https:\/\/www.boden-parkettleger.ch\/it\/wp-json\/wp\/v2\/media\/14224"}],"wp:attachment":[{"href":"https:\/\/www.boden-parkettleger.ch\/it\/wp-json\/wp\/v2\/media?parent=13717"}],"curies":[{"name":"wp","href":"https:\/\/api.w.org\/{rel}","templated":true}]}}