{"id":13823,"date":"2020-12-06T16:31:20","date_gmt":"2020-12-06T15:31:20","guid":{"rendered":"https:\/\/www.boden-parkettleger.ch\/?page_id=13823"},"modified":"2025-10-28T11:37:17","modified_gmt":"2025-10-28T10:37:17","slug":"impronta","status":"publish","type":"page","link":"https:\/\/www.boden-parkettleger.ch\/it\/impronta\/","title":{"rendered":"Impronta"},"content":{"rendered":"\n<h2 class=\"wp-block-heading\">Copyright<\/h2>\n\n\n\n<p>Il copyright di tutti i contenuti di questo sito web \u00e8 detenuto da:<br>Formazione professionale pavimenti &amp; parquet<\/p>\n\n\n\n<h3 class=\"wp-block-heading\">Indirizzo postale:<\/h3>\n\n\n\n<p>Industriestrasse 23<br>CH-5036 Oberentfelden<\/p>\n\n\n\n<h3 class=\"wp-block-heading\">Contatto:<\/h3>\n\n\n\n<p>Telefono: <a href=\"tel:0041%2062%20822%2029%2040\">+41 62 822 29 40<\/a><br>E-mail: <a href=\"mailto:info@bodenschweiz.ch\">berufsbildung@bodenschweiz.ch<\/a><\/p>\n\n\n\n<h3 class=\"wp-block-heading\">Registrato<\/h3>\n\n\n\n<p>Cantone di Argovia CH-400.6.446.560-3<\/p>\n\n\n\n<h2 class=\"wp-block-heading\">Esclusione di responsabilit\u00e0<\/h2>\n\n\n\n<p>Tutti i testi e i link sono stati accuratamente controllati e vengono aggiornati costantemente. Ci sforziamo di fornire informazioni corrette e complete su questo sito web, ma non ci assumiamo alcuna responsabilit\u00e0, garanzia o responsabilit\u00e0 che le informazioni fornite su questo sito web siano corrette, complete o aggiornate. Ci riserviamo il diritto di modificare le informazioni contenute in questo sito web in qualsiasi momento e senza preavviso e non ci impegniamo ad aggiornare le informazioni qui contenute. Tutti i link a fornitori esterni sono stati controllati per verificarne l&#8217;esattezza al momento della loro inclusione, ma non siamo responsabili per il contenuto e la disponibilit\u00e0 dei siti web a cui si pu\u00f2 accedere tramite collegamenti ipertestuali. La responsabilit\u00e0 per contenuti illegali, errati o incompleti e in particolare per i danni causati dal contenuto delle pagine collegate \u00e8 esclusivamente del fornitore della pagina collegata. \u00c8 irrilevante che il danno sia di natura diretta, indiretta o finanziaria o che vi siano altri danni che potrebbero derivare da perdita di dati, perdita di utilizzo o altri motivi di qualsiasi tipo.     <\/p>\n\n\n\n<p><strong>Copyright:<\/strong><\/p>\n\n\n\n<p>Fotografia di Bruno Durrer, Comitato di gestione fondo per la formazione professionale pavimenti: Keystone\/Caroline Mohnke<\/p>\n\n\n\n<h2 class=\"wp-block-heading\">Informativa sulla privacy<\/h2>\n\n\n\n<p>Per saperne di pi\u00f9, leggete la nostra <a href=\"https:\/\/www.boden-parkettleger.ch\/it\/\" target=\"_blank\" rel=\"noreferrer noopener\">informativa sulla privacy<\/a><\/p>\n\n\n\n<div style=\"height:60px\" aria-hidden=\"true\" class=\"wp-block-spacer\"><\/div>\n\n\n\n<h1 class=\"wp-block-heading\">Note sul sito web<\/h1>\n\n\n\n<h2 class=\"wp-block-heading\">Design e web design<\/h2>\n\n\n\n<p><a href=\"http:\/\/art.jsabelleforrer.ch\/\" target=\"_blank\" rel=\"noreferrer noopener\">Jsabelle Forrer<\/a><br><strong>Illustrazione, grafica e web design<\/strong><\/p>\n\n\n\n<h2 class=\"wp-block-heading\">Concetto, sviluppo web<br>e realizzazione<\/h2>\n\n\n\n<p><a href=\"https:\/\/www.websamurai.ch\/\" target=\"_blank\" rel=\"noreferrer noopener\">Websamurai AG<\/a><br><strong>L&#8217;agenzia web innovativa<\/strong><br>Schachenalle 29<br>5000 Aarau<\/p>\n\n\n\n<p>Ufficio di Zurigo<br>Seestrasse 95<br>8800 Thalwil<br><\/p>\n\n\n\n<p><\/p>\n","protected":false},"excerpt":{"rendered":"<p>Copyright Il copyright di tutti i contenuti di questo sito web \u00e8 detenuto da:Formazione professionale pavimenti &amp; parquet Indirizzo postale: Industriestrasse 23CH-5036 Oberentfelden Contatto: Telefono: +41 62 822 29 40E-mail: berufsbildung@bodenschweiz.ch Registrato Cantone di Argovia CH-400.6.446.560-3 Esclusione di responsabilit\u00e0 Tutti i testi e i link sono stati accuratamente controllati e vengono aggiornati costantemente. Ci sforziamo [&hellip;]<\/p>\n","protected":false},"author":5,"featured_media":0,"parent":0,"menu_order":173,"comment_status":"closed","ping_status":"closed","template":"","meta":{"_acf_changed":false,"footnotes":""},"class_list":["post-13823","page","type-page","status-publish","hentry"],"acf":[],"yoast_head":"<!-- This site is optimized with the Yoast SEO plugin v27.3 - https:\/\/yoast.com\/product\/yoast-seo-wordpress\/ -->\n<title>Impronta | Boden- und Parkettleger<\/title>\n<meta name=\"description\" content=\"Il copyright di tutti i contenuti di questo sito web \u00e8 di PavimentiSvizzeri, Associazione degli Specialisti in Rivestimenti per Pavimenti.\" \/>\n<meta name=\"robots\" content=\"index, follow, max-snippet:-1, max-image-preview:large, max-video-preview:-1\" \/>\n<link rel=\"canonical\" href=\"https:\/\/www.boden-parkettleger.ch\/it\/impronta\/\" \/>\n<meta property=\"og:locale\" content=\"it_IT\" \/>\n<meta property=\"og:type\" content=\"article\" \/>\n<meta property=\"og:title\" content=\"Impronta | Boden- und Parkettleger\" \/>\n<meta property=\"og:description\" content=\"Il copyright di tutti i contenuti di questo sito web \u00e8 di PavimentiSvizzeri, Associazione degli Specialisti in Rivestimenti per Pavimenti.\" \/>\n<meta property=\"og:url\" content=\"https:\/\/www.boden-parkettleger.ch\/it\/impronta\/\" \/>\n<meta property=\"og:site_name\" content=\"Boden- und Parkettleger\" \/>\n<meta property=\"article:modified_time\" content=\"2025-10-28T10:37:17+00:00\" \/>\n<meta name=\"twitter:card\" content=\"summary_large_image\" \/>\n<script type=\"application\/ld+json\" class=\"yoast-schema-graph\">{\"@context\":\"https:\\\/\\\/schema.org\",\"@graph\":[{\"@type\":\"WebPage\",\"@id\":\"https:\\\/\\\/www.boden-parkettleger.ch\\\/it\\\/impronta\\\/\",\"url\":\"https:\\\/\\\/www.boden-parkettleger.ch\\\/it\\\/impronta\\\/\",\"name\":\"Impronta | Boden- und Parkettleger\",\"isPartOf\":{\"@id\":\"https:\\\/\\\/www.boden-parkettleger.ch\\\/it\\\/#website\"},\"datePublished\":\"2020-12-06T15:31:20+00:00\",\"dateModified\":\"2025-10-28T10:37:17+00:00\",\"description\":\"Il copyright di tutti i contenuti di questo sito web \u00e8 di PavimentiSvizzeri, Associazione degli Specialisti in Rivestimenti per Pavimenti.\",\"breadcrumb\":{\"@id\":\"https:\\\/\\\/www.boden-parkettleger.ch\\\/it\\\/impronta\\\/#breadcrumb\"},\"inLanguage\":\"it-IT\",\"potentialAction\":[{\"@type\":\"ReadAction\",\"target\":[\"https:\\\/\\\/www.boden-parkettleger.ch\\\/it\\\/impronta\\\/\"]}]},{\"@type\":\"BreadcrumbList\",\"@id\":\"https:\\\/\\\/www.boden-parkettleger.ch\\\/it\\\/impronta\\\/#breadcrumb\",\"itemListElement\":[{\"@type\":\"ListItem\",\"position\":1,\"name\":\"Home\",\"item\":\"https:\\\/\\\/www.boden-parkettleger.ch\\\/it\\\/\"},{\"@type\":\"ListItem\",\"position\":2,\"name\":\"Impronta\"}]},{\"@type\":\"WebSite\",\"@id\":\"https:\\\/\\\/www.boden-parkettleger.ch\\\/it\\\/#website\",\"url\":\"https:\\\/\\\/www.boden-parkettleger.ch\\\/it\\\/\",\"name\":\"Boden- und Parkettleger\",\"description\":\"\",\"alternateName\":\"Boden- & Parkettleger\",\"potentialAction\":[{\"@type\":\"SearchAction\",\"target\":{\"@type\":\"EntryPoint\",\"urlTemplate\":\"https:\\\/\\\/www.boden-parkettleger.ch\\\/it\\\/?s={search_term_string}\"},\"query-input\":{\"@type\":\"PropertyValueSpecification\",\"valueRequired\":true,\"valueName\":\"search_term_string\"}}],\"inLanguage\":\"it-IT\"}]}<\/script>\n<!-- \/ Yoast SEO plugin. -->","yoast_head_json":{"title":"Impronta | Boden- und Parkettleger","description":"Il copyright di tutti i contenuti di questo sito web \u00e8 di PavimentiSvizzeri, Associazione degli Specialisti in Rivestimenti per Pavimenti.","robots":{"index":"index","follow":"follow","max-snippet":"max-snippet:-1","max-image-preview":"max-image-preview:large","max-video-preview":"max-video-preview:-1"},"canonical":"https:\/\/www.boden-parkettleger.ch\/it\/impronta\/","og_locale":"it_IT","og_type":"article","og_title":"Impronta | Boden- und Parkettleger","og_description":"Il copyright di tutti i contenuti di questo sito web \u00e8 di PavimentiSvizzeri, Associazione degli Specialisti in Rivestimenti per Pavimenti.","og_url":"https:\/\/www.boden-parkettleger.ch\/it\/impronta\/","og_site_name":"Boden- und Parkettleger","article_modified_time":"2025-10-28T10:37:17+00:00","twitter_card":"summary_large_image","schema":{"@context":"https:\/\/schema.org","@graph":[{"@type":"WebPage","@id":"https:\/\/www.boden-parkettleger.ch\/it\/impronta\/","url":"https:\/\/www.boden-parkettleger.ch\/it\/impronta\/","name":"Impronta | Boden- und Parkettleger","isPartOf":{"@id":"https:\/\/www.boden-parkettleger.ch\/it\/#website"},"datePublished":"2020-12-06T15:31:20+00:00","dateModified":"2025-10-28T10:37:17+00:00","description":"Il copyright di tutti i contenuti di questo sito web \u00e8 di PavimentiSvizzeri, Associazione degli Specialisti in Rivestimenti per Pavimenti.","breadcrumb":{"@id":"https:\/\/www.boden-parkettleger.ch\/it\/impronta\/#breadcrumb"},"inLanguage":"it-IT","potentialAction":[{"@type":"ReadAction","target":["https:\/\/www.boden-parkettleger.ch\/it\/impronta\/"]}]},{"@type":"BreadcrumbList","@id":"https:\/\/www.boden-parkettleger.ch\/it\/impronta\/#breadcrumb","itemListElement":[{"@type":"ListItem","position":1,"name":"Home","item":"https:\/\/www.boden-parkettleger.ch\/it\/"},{"@type":"ListItem","position":2,"name":"Impronta"}]},{"@type":"WebSite","@id":"https:\/\/www.boden-parkettleger.ch\/it\/#website","url":"https:\/\/www.boden-parkettleger.ch\/it\/","name":"Boden- und Parkettleger","description":"","alternateName":"Boden- & Parkettleger","potentialAction":[{"@type":"SearchAction","target":{"@type":"EntryPoint","urlTemplate":"https:\/\/www.boden-parkettleger.ch\/it\/?s={search_term_string}"},"query-input":{"@type":"PropertyValueSpecification","valueRequired":true,"valueName":"search_term_string"}}],"inLanguage":"it-IT"}]}},"_links":{"self":[{"href":"https:\/\/www.boden-parkettleger.ch\/it\/wp-json\/wp\/v2\/pages\/13823","targetHints":{"allow":["GET"]}}],"collection":[{"href":"https:\/\/www.boden-parkettleger.ch\/it\/wp-json\/wp\/v2\/pages"}],"about":[{"href":"https:\/\/www.boden-parkettleger.ch\/it\/wp-json\/wp\/v2\/types\/page"}],"author":[{"embeddable":true,"href":"https:\/\/www.boden-parkettleger.ch\/it\/wp-json\/wp\/v2\/users\/5"}],"replies":[{"embeddable":true,"href":"https:\/\/www.boden-parkettleger.ch\/it\/wp-json\/wp\/v2\/comments?post=13823"}],"version-history":[{"count":4,"href":"https:\/\/www.boden-parkettleger.ch\/it\/wp-json\/wp\/v2\/pages\/13823\/revisions"}],"predecessor-version":[{"id":14228,"href":"https:\/\/www.boden-parkettleger.ch\/it\/wp-json\/wp\/v2\/pages\/13823\/revisions\/14228"}],"wp:attachment":[{"href":"https:\/\/www.boden-parkettleger.ch\/it\/wp-json\/wp\/v2\/media?parent=13823"}],"curies":[{"name":"wp","href":"https:\/\/api.w.org\/{rel}","templated":true}]}}